{"id":51389,"date":"2019-11-15T11:03:18","date_gmt":"2019-11-15T10:03:18","guid":{"rendered":"https:\/\/mobileoutfitters.be\/politique-de-confidentialite\/"},"modified":"2024-09-04T15:17:52","modified_gmt":"2024-09-04T13:17:52","slug":"personvern-erklaering","status":"publish","type":"page","link":"https:\/\/mobileoutfitters.be\/no\/personvern-erklaering\/","title":{"rendered":"Personvern erkl\u00e6ring"},"content":{"rendered":"<p>[et_pb_section fb_built=&raquo;1&#8243; _builder_version=&raquo;4.16&#8243; global_colors_info=&raquo;{}&raquo;][et_pb_row _builder_version=&raquo;4.16&#8243; background_size=&raquo;initial&raquo; background_position=&raquo;top_left&raquo; background_repeat=&raquo;repeat&raquo; global_colors_info=&raquo;{}&raquo;][et_pb_column type=&raquo;4_4&#8243; _builder_version=&raquo;4.16&#8243; custom_padding=&raquo;|||&raquo; global_colors_info=&raquo;{}&raquo; custom_padding__hover=&raquo;|||&raquo;][et_pb_text admin_label=&raquo;Politique de confidentialit\u00e9&raquo; _builder_version=&raquo;4.16&#8243; header_font=&raquo;|800||on||||#00b2e3|&raquo; header_text_align=&raquo;center&raquo; header_text_color=&raquo;#000000&#8243; header_font_size=&raquo;35px&raquo; custom_css_main_element=&raquo;display:block;||margin:0 auto;&raquo; custom_css_after=&raquo;   &raquo; global_colors_info=&raquo;{}&raquo;]<\/p>\n<h1>Personvern erkl\u00e6ring<\/h1>\n<p>[\/et_pb_text][et_pb_text _builder_version=&raquo;4.27.0&#8243; header_text_align=&raquo;center&raquo; background_size=&raquo;initial&raquo; background_position=&raquo;top_left&raquo; background_repeat=&raquo;repeat&raquo; global_colors_info=&raquo;{}&raquo;]<\/p>\n<p>Beskyttelse av personopplysninger er en stor bekymring for Mobile Outfitters. Derfor er \u00e5penheten i behandlingen av personopplysningene vi samler inn en forpliktelse for oss. Dette charteret tar sikte p\u00e5 \u00e5 gi deg all relevant informasjon knyttet til behandlingen av personopplysninger som kan samles inn p\u00e5 denne siden <a href=\"http:\/\/mobileoutfitters.be\/\">mobileoutfitters.be<\/a>  <\/p>\n<h2>Behandling av dine personopplysninger:<\/h2>\n<p>Generelt sett kan du bes\u00f8ke nettstedet v\u00e5rt uten \u00e5 oppgi personopplysninger om deg selv. For \u00e5 f\u00e5 tilgang til visse deler av nettsidene v\u00e5re og\/eller som en del av bruken av spesifikk informasjon eller tjenester, kan vi imidlertid samle inn dine personopplysninger som vi vil behandle for form\u00e5lene nevnt nedenfor.<br \/>Mobile Outfitters kan samle inn og behandle personopplysninger om deg n\u00e5r du bes\u00f8ker denne siden, under foresp\u00f8rsler om kontakt, informasjon, tilbakeringinger eller applikasjoner.<br \/>Dataene vil aldri bli brukt til andre, utilsiktede form\u00e5l, og heller ikke overf\u00f8rt til partnere, med mindre dataeieren samtykker. Ingen annen personlig informasjon enn den som ettersp\u00f8rres i denne sammenhengen samles inn uten at de ber\u00f8rte personene er kjent med det.<br \/>Brukere av nettstedet blir vennligst minnet om at gjennomf\u00f8ringen av en salgskontrakt er betinget av levering av personopplysninger. Brukeren som \u00f8nsker \u00e5 inng\u00e5 en salgskontrakt med mobileoutfitters.be-siden m\u00e5 v\u00e6re klar over at unnlatelse av \u00e5 oppgi disse dataene gj\u00f8r det umulig \u00e5 fortsette kontraktsprosessen.   <\/p>\n<h2>Oppbevaring av personopplysninger:<\/h2>\n<p>I tillegg oppbevares dataene som samles inn:<br \/>\u2022 For kunder: gjennom hele det kommersielle forholdet. De vil bli oppbevart for kommersielle prospekteringsform\u00e5l i maksimalt 3 \u00e5r fra slutten av dette kommersielle forholdet,<br \/>\u2022 For ikke-kundeprospekter: maksimalt 3 \u00e5r fra innsamlingen av databehandleren eller siste kontakt fra prospektet. <\/p>\n<p>&#8211; For s\u00f8kere: h\u00f8yst 3 \u00e5r fra den behandlingsansvarliges innsamlingsdato eller siste kontakt fra s\u00f8keren.<\/p>\n<p>Videre er dataene som samles inn via behandlingen av personopplysninger p\u00e5 dette nettstedet ikke gjenstand for noen overf\u00f8ring utenfor EUs territorium.<br \/>Datasikkerhet og integritet:<br \/>Mobile Outfitters bruker ulike tekniske og organisatoriske sikkerhetstiltak for \u00e5 beskytte personopplysningene vi samler inn, bruker eller overf\u00f8rer mot tap, misbruk, forfalskning eller \u00f8deleggelse.<br \/>Dataene som passerer gjennom nettstedet er ogs\u00e5 gjenstand for konstant oppmerksomhet ang\u00e5ende dets sikkerhet og konfidensialitet. Tilgang til backoffice p\u00e5 siden er mulig via p\u00e5logginger og komplekse passord med sterk beskyttelse samt beskyttelse med dobbel autentisering. Det samme gjelder for postkassen som mottar personopplysninger fra brukere og Mobile Outfitters.<br \/>Mobileoutfitters.be-nettstedet er ogs\u00e5 utstyrt med en rekke sikkerhetsmoduler for \u00e5 forhindre ondsinnede inntrengninger og datalekkasjer s\u00e5 mye som mulig.<br \/>Imidlertid kan brukeren av dette nettstedet eller Mobile Outfitters n\u00e5r som helst sende inn en klage til Commission Nationale Informatique et Libert\u00e9s (CNIL), den franske tilsynsmyndigheten.  <\/p>\n<h2>Dine rettigheder:<\/h2>\n<p>Til slutt, i samsvar med artikkel 15 og f\u00f8lgende i den generelle databeskyttelsesforordningen, drar brukeren av dette nettstedet fordeler av rettighetene til tilgang, retting, sletting og begrensning knyttet til dataene som ang\u00e5r ham, samt retten til motstand knyttet til data. behandling utf\u00f8rt via nettstedet mobileoutfitters.be<\/p>\n<h2>Eksterne nettsider<\/h2>\n<p>Mobile Outfitters nettsteder kan gi lenker til eksterne nettsteder. Mobile Outfitters gir ingen garantier eller gir noen representasjoner ang\u00e5ende disse eksterne nettstedene. Det er viktig for deg \u00e5 v\u00e6re klar over at eierne og operat\u00f8rene av disse eksterne nettstedene kan samle inn, bruke eller overf\u00f8re personopplysninger under andre vilk\u00e5r og betingelser enn Mobile Outfitters. N\u00e5r du kobler til et eksternt nettsted, b\u00f8r du informere deg selv om personvernet og sikkerhetstiltakene til disse eksterne nettstedene.   <\/p>\n<p>[\/et_pb_text][\/et_pb_column][\/et_pb_row][\/et_pb_section]<\/p>\n","protected":false},"excerpt":{"rendered":"<p>Personvern erkl\u00e6ringBeskyttelse av personopplysninger er en stor bekymring for Mobile Outfitters. Derfor er \u00e5penheten i behandlingen av personopplysningene vi samler inn en forpliktelse for oss. Dette charteret tar sikte p\u00e5 \u00e5 gi deg all relevant informasjon knyttet til behandlingen av personopplysninger som kan samles inn p\u00e5 denne siden mobileoutfitters.be Behandling av dine personopplysninger: Generelt sett [&hellip;]<\/p>\n","protected":false},"author":1,"featured_media":0,"parent":0,"menu_order":40,"comment_status":"closed","ping_status":"closed","template":"","meta":{"_et_pb_use_builder":"on","_et_pb_old_content":"","_et_gb_content_width":"","footnotes":""},"class_list":["post-51389","page","type-page","status-publish","hentry"],"yoast_head":"<!-- This site is optimized with the Yoast SEO plugin v25.9 - https:\/\/yoast.com\/wordpress\/plugins\/seo\/ -->\n<title>Personvern erkl\u00e6ring - Mobile Outfitters<\/title>\n<meta name=\"robots\" content=\"index, follow, max-snippet:-1, max-image-preview:large, max-video-preview:-1\" \/>\n<link rel=\"canonical\" href=\"https:\/\/mobileoutfitters.be\/no\/personvern-erklaering\/\" \/>\n<meta property=\"og:locale\" content=\"nb_NO\" \/>\n<meta property=\"og:type\" content=\"article\" \/>\n<meta property=\"og:title\" content=\"Personvern erkl\u00e6ring - Mobile Outfitters\" \/>\n<meta property=\"og:description\" content=\"Personvern erkl\u00e6ringBeskyttelse av personopplysninger er en stor bekymring for Mobile Outfitters. Derfor er \u00e5penheten i behandlingen av personopplysningene vi samler inn en forpliktelse for oss. Dette charteret tar sikte p\u00e5 \u00e5 gi deg all relevant informasjon knyttet til behandlingen av personopplysninger som kan samles inn p\u00e5 denne siden mobileoutfitters.be Behandling av dine personopplysninger: Generelt sett [&hellip;]\" \/>\n<meta property=\"og:url\" content=\"https:\/\/mobileoutfitters.be\/no\/personvern-erklaering\/\" \/>\n<meta property=\"og:site_name\" content=\"Mobile Outfitters\" \/>\n<meta property=\"article:modified_time\" content=\"2024-09-04T13:17:52+00:00\" \/>\n<meta name=\"twitter:card\" content=\"summary_large_image\" \/>\n<meta name=\"twitter:label1\" content=\"Ansl. lesetid\" \/>\n\t<meta name=\"twitter:data1\" content=\"3 minutter\" \/>\n<script type=\"application\/ld+json\" class=\"yoast-schema-graph\">{\"@context\":\"https:\/\/schema.org\",\"@graph\":[{\"@type\":\"WebPage\",\"@id\":\"https:\/\/mobileoutfitters.be\/no\/personvern-erklaering\/\",\"url\":\"https:\/\/mobileoutfitters.be\/no\/personvern-erklaering\/\",\"name\":\"Personvern erkl\u00e6ring - Mobile Outfitters\",\"isPartOf\":{\"@id\":\"https:\/\/mobileoutfitters.be\/no\/#website\"},\"datePublished\":\"2019-11-15T10:03:18+00:00\",\"dateModified\":\"2024-09-04T13:17:52+00:00\",\"inLanguage\":\"nb-NO\",\"potentialAction\":[{\"@type\":\"ReadAction\",\"target\":[\"https:\/\/mobileoutfitters.be\/no\/personvern-erklaering\/\"]}]},{\"@type\":\"WebSite\",\"@id\":\"https:\/\/mobileoutfitters.be\/no\/#website\",\"url\":\"https:\/\/mobileoutfitters.be\/no\/\",\"name\":\"Mobile Outfitters\",\"description\":\"Mobile Outfitters\",\"potentialAction\":[{\"@type\":\"SearchAction\",\"target\":{\"@type\":\"EntryPoint\",\"urlTemplate\":\"https:\/\/mobileoutfitters.be\/no\/?s={search_term_string}\"},\"query-input\":{\"@type\":\"PropertyValueSpecification\",\"valueRequired\":true,\"valueName\":\"search_term_string\"}}],\"inLanguage\":\"nb-NO\"}]}<\/script>\n<!-- \/ Yoast SEO plugin. -->","yoast_head_json":{"title":"Personvern erkl\u00e6ring - Mobile Outfitters","robots":{"index":"index","follow":"follow","max-snippet":"max-snippet:-1","max-image-preview":"max-image-preview:large","max-video-preview":"max-video-preview:-1"},"canonical":"https:\/\/mobileoutfitters.be\/no\/personvern-erklaering\/","og_locale":"nb_NO","og_type":"article","og_title":"Personvern erkl\u00e6ring - Mobile Outfitters","og_description":"Personvern erkl\u00e6ringBeskyttelse av personopplysninger er en stor bekymring for Mobile Outfitters. Derfor er \u00e5penheten i behandlingen av personopplysningene vi samler inn en forpliktelse for oss. Dette charteret tar sikte p\u00e5 \u00e5 gi deg all relevant informasjon knyttet til behandlingen av personopplysninger som kan samles inn p\u00e5 denne siden mobileoutfitters.be Behandling av dine personopplysninger: Generelt sett [&hellip;]","og_url":"https:\/\/mobileoutfitters.be\/no\/personvern-erklaering\/","og_site_name":"Mobile Outfitters","article_modified_time":"2024-09-04T13:17:52+00:00","twitter_card":"summary_large_image","twitter_misc":{"Ansl. lesetid":"3 minutter"},"schema":{"@context":"https:\/\/schema.org","@graph":[{"@type":"WebPage","@id":"https:\/\/mobileoutfitters.be\/no\/personvern-erklaering\/","url":"https:\/\/mobileoutfitters.be\/no\/personvern-erklaering\/","name":"Personvern erkl\u00e6ring - Mobile Outfitters","isPartOf":{"@id":"https:\/\/mobileoutfitters.be\/no\/#website"},"datePublished":"2019-11-15T10:03:18+00:00","dateModified":"2024-09-04T13:17:52+00:00","inLanguage":"nb-NO","potentialAction":[{"@type":"ReadAction","target":["https:\/\/mobileoutfitters.be\/no\/personvern-erklaering\/"]}]},{"@type":"WebSite","@id":"https:\/\/mobileoutfitters.be\/no\/#website","url":"https:\/\/mobileoutfitters.be\/no\/","name":"Mobile Outfitters","description":"Mobile Outfitters","potentialAction":[{"@type":"SearchAction","target":{"@type":"EntryPoint","urlTemplate":"https:\/\/mobileoutfitters.be\/no\/?s={search_term_string}"},"query-input":{"@type":"PropertyValueSpecification","valueRequired":true,"valueName":"search_term_string"}}],"inLanguage":"nb-NO"}]}},"_links":{"self":[{"href":"https:\/\/mobileoutfitters.be\/no\/wp-json\/wp\/v2\/pages\/51389","targetHints":{"allow":["GET"]}}],"collection":[{"href":"https:\/\/mobileoutfitters.be\/no\/wp-json\/wp\/v2\/pages"}],"about":[{"href":"https:\/\/mobileoutfitters.be\/no\/wp-json\/wp\/v2\/types\/page"}],"author":[{"embeddable":true,"href":"https:\/\/mobileoutfitters.be\/no\/wp-json\/wp\/v2\/users\/1"}],"replies":[{"embeddable":true,"href":"https:\/\/mobileoutfitters.be\/no\/wp-json\/wp\/v2\/comments?post=51389"}],"version-history":[{"count":15,"href":"https:\/\/mobileoutfitters.be\/no\/wp-json\/wp\/v2\/pages\/51389\/revisions"}],"predecessor-version":[{"id":55546,"href":"https:\/\/mobileoutfitters.be\/no\/wp-json\/wp\/v2\/pages\/51389\/revisions\/55546"}],"wp:attachment":[{"href":"https:\/\/mobileoutfitters.be\/no\/wp-json\/wp\/v2\/media?parent=51389"}],"curies":[{"name":"wp","href":"https:\/\/api.w.org\/{rel}","templated":true}]}}